{"id":44610,"date":"2015-02-17T15:14:31","date_gmt":"2015-02-17T14:14:31","guid":{"rendered":"https:\/\/www.soleada.no\/sobre-soleada\/"},"modified":"2025-10-28T10:47:57","modified_gmt":"2025-10-28T09:47:57","slug":"sobre-soleada","status":"publish","type":"page","link":"https:\/\/www.soleada.no\/es\/sobre-soleada\/","title":{"rendered":"Sobre Soleada"},"content":{"rendered":"\t\t<div data-elementor-type=\"wp-page\" data-elementor-id=\"44610\" class=\"elementor elementor-44610 elementor-5701\" data-elementor-post-type=\"page\">\n\t\t\t\t\t\t<section class=\"elementor-section elementor-top-section elementor-element elementor-element-7a2541f9 elementor-reverse-mobile elementor-section-boxed elementor-section-height-default elementor-section-height-default\" data-id=\"7a2541f9\" data-element_type=\"section\">\n\t\t\t\t\t\t<div class=\"elementor-container elementor-column-gap-default\">\n\t\t\t\t\t<div class=\"elementor-column elementor-col-50 elementor-top-column elementor-element elementor-element-54ca782b\" data-id=\"54ca782b\" data-element_type=\"column\">\n\t\t\t<div class=\"elementor-widget-wrap elementor-element-populated\">\n\t\t\t\t\t\t<div class=\"elementor-element elementor-element-49bb06d elementor-widget elementor-widget-heading\" data-id=\"49bb06d\" data-element_type=\"widget\" data-widget_type=\"heading.default\">\n\t\t\t\t<div class=\"elementor-widget-container\">\n\t\t\t\t\t<h1 class=\"elementor-heading-title elementor-size-default\">Sobre Soleada<\/h1>\t\t\t\t<\/div>\n\t\t\t\t<\/div>\n\t\t\t\t<div class=\"elementor-element elementor-element-64b9dd16 elementor-widget elementor-widget-text-editor\" data-id=\"64b9dd16\" data-element_type=\"widget\" data-widget_type=\"text-editor.default\">\n\t\t\t\t<div class=\"elementor-widget-container\">\n\t\t\t\t\t\t\t\t\t<p><b>Soleada<\/b> fue fundada en 2021 por Hans Kristian Haug y Roar Haug. Ambos con muchos a\u00f1os de experiencia con propiedades a lo largo de la costa de la Costa Blanca y Costa C\u00e1lida en Espa\u00f1a.<\/p><p>Conocemos bien el mercado de la vivienda y sabemos qu\u00e9 viviendas y proyectos pueden recomendarse y cu\u00e1les deben evitarse. Utilizamos un abogado certificado que se especializa en bienes ra\u00edces y ponemos la lista alta en lo que respecta a calidad y servicio.<\/p><p>Ayudamos a nuestros clientes desde el comienzo de la casa de sus sue\u00f1os a mudarse y siempre estaremos all\u00ed para ayudar cuando surjan desaf\u00edos despu\u00e9s de la adquisici\u00f3n.<\/p><p>Tenemos muchas buenas referencias de clientes.  <strong><span style=\"text-decoration: underline;\"><span style=\"color: #ff0000;\"><a style=\"color: #ff0000; text-decoration: underline;\" href=\"https:\/\/www.soleada.no\/es\/referencias\/\">Lee las referencias aqu\u00ed.<\/a><\/span><\/span><\/strong><\/p>\t\t\t\t\t\t\t\t<\/div>\n\t\t\t\t<\/div>\n\t\t\t\t\t<\/div>\n\t\t<\/div>\n\t\t\t\t<div class=\"elementor-column elementor-col-50 elementor-top-column elementor-element elementor-element-a239e7a\" data-id=\"a239e7a\" data-element_type=\"column\">\n\t\t\t<div class=\"elementor-widget-wrap elementor-element-populated\">\n\t\t\t\t\t\t<div class=\"elementor-element elementor-element-56a7d22 elementor-widget elementor-widget-image\" data-id=\"56a7d22\" data-element_type=\"widget\" data-widget_type=\"image.default\">\n\t\t\t\t<div class=\"elementor-widget-container\">\n\t\t\t\t\t\t\t\t\t\t\t\t\t\t\t<img fetchpriority=\"high\" decoding=\"async\" width=\"1024\" height=\"682\" src=\"https:\/\/www.soleada.no\/wp-content\/uploads\/2024\/03\/RGM_7472-copy-1024x682.jpg\" class=\"attachment-large size-large wp-image-86645\" alt=\"Hans og Roar Soleada\" srcset=\"https:\/\/www.soleada.no\/wp-content\/uploads\/2024\/03\/RGM_7472-copy-1024x682.jpg 1024w, https:\/\/www.soleada.no\/wp-content\/uploads\/2024\/03\/RGM_7472-copy-300x200.jpg 300w, https:\/\/www.soleada.no\/wp-content\/uploads\/2024\/03\/RGM_7472-copy-768x511.jpg 768w, https:\/\/www.soleada.no\/wp-content\/uploads\/2024\/03\/RGM_7472-copy-1536x1023.jpg 1536w, https:\/\/www.soleada.no\/wp-content\/uploads\/2024\/03\/RGM_7472-copy-105x70.jpg 105w, https:\/\/www.soleada.no\/wp-content\/uploads\/2024\/03\/RGM_7472-copy.jpg 1622w\" sizes=\"(max-width: 1024px) 100vw, 1024px\" \/>\t\t\t\t\t\t\t\t\t\t\t\t\t\t\t<\/div>\n\t\t\t\t<\/div>\n\t\t\t\t\t<\/div>\n\t\t<\/div>\n\t\t\t\t\t<\/div>\n\t\t<\/section>\n\t\t\t\t<section class=\"elementor-section elementor-top-section elementor-element elementor-element-6c0d048 elementor-section-boxed elementor-section-height-default elementor-section-height-default\" data-id=\"6c0d048\" data-element_type=\"section\">\n\t\t\t\t\t\t<div class=\"elementor-container elementor-column-gap-default\">\n\t\t\t\t\t<div class=\"elementor-column elementor-col-100 elementor-top-column elementor-element elementor-element-03e0d46\" data-id=\"03e0d46\" data-element_type=\"column\">\n\t\t\t<div class=\"elementor-widget-wrap elementor-element-populated\">\n\t\t\t\t\t\t<div class=\"elementor-element elementor-element-6c27c40 elementor-widget elementor-widget-heading\" data-id=\"6c27c40\" data-element_type=\"widget\" data-widget_type=\"heading.default\">\n\t\t\t\t<div class=\"elementor-widget-container\">\n\t\t\t\t\t<h2 class=\"elementor-heading-title elementor-size-default\">Asesores inmobiliarios<\/h2>\t\t\t\t<\/div>\n\t\t\t\t<\/div>\n\t\t\t\t\t<\/div>\n\t\t<\/div>\n\t\t\t\t\t<\/div>\n\t\t<\/section>\n\t\t\t\t<section class=\"elementor-section elementor-top-section elementor-element elementor-element-968fac9 elementor-section-boxed elementor-section-height-default elementor-section-height-default\" data-id=\"968fac9\" data-element_type=\"section\">\n\t\t\t\t\t\t<div class=\"elementor-container elementor-column-gap-default\">\n\t\t\t\t\t<div class=\"elementor-column elementor-col-33 elementor-top-column elementor-element elementor-element-2d522bc\" data-id=\"2d522bc\" data-element_type=\"column\" data-settings=\"{&quot;background_background&quot;:&quot;classic&quot;}\">\n\t\t\t<div class=\"elementor-widget-wrap elementor-element-populated\">\n\t\t\t\t\t\t<div class=\"elementor-element elementor-element-f157d26 elementor-widget-mobile__width-auto elementor-widget elementor-widget-image\" data-id=\"f157d26\" data-element_type=\"widget\" data-widget_type=\"image.default\">\n\t\t\t\t<div class=\"elementor-widget-container\">\n\t\t\t\t\t\t\t\t\t\t\t\t\t\t\t<img decoding=\"async\" width=\"300\" height=\"300\" src=\"https:\/\/www.soleada.no\/wp-content\/uploads\/2021\/05\/Hans-Kristian-Haug-300x300.jpg\" class=\"attachment-medium size-medium wp-image-86623\" alt=\"Hans Kristian Haug\" srcset=\"https:\/\/www.soleada.no\/wp-content\/uploads\/2021\/05\/Hans-Kristian-Haug-300x300.jpg 300w, https:\/\/www.soleada.no\/wp-content\/uploads\/2021\/05\/Hans-Kristian-Haug-1024x1024.jpg 1024w, https:\/\/www.soleada.no\/wp-content\/uploads\/2021\/05\/Hans-Kristian-Haug-150x150.jpg 150w, https:\/\/www.soleada.no\/wp-content\/uploads\/2021\/05\/Hans-Kristian-Haug-768x768.jpg 768w, https:\/\/www.soleada.no\/wp-content\/uploads\/2021\/05\/Hans-Kristian-Haug-120x120.jpg 120w, https:\/\/www.soleada.no\/wp-content\/uploads\/2021\/05\/Hans-Kristian-Haug-45x45.jpg 45w, https:\/\/www.soleada.no\/wp-content\/uploads\/2021\/05\/Hans-Kristian-Haug-36x36.jpg 36w, https:\/\/www.soleada.no\/wp-content\/uploads\/2021\/05\/Hans-Kristian-Haug.jpg 1320w\" sizes=\"(max-width: 300px) 100vw, 300px\" \/>\t\t\t\t\t\t\t\t\t\t\t\t\t\t\t<\/div>\n\t\t\t\t<\/div>\n\t\t\t\t<div class=\"elementor-element elementor-element-2dbe75e elementor-widget elementor-widget-heading\" data-id=\"2dbe75e\" data-element_type=\"widget\" data-widget_type=\"heading.default\">\n\t\t\t\t<div class=\"elementor-widget-container\">\n\t\t\t\t\t<h2 class=\"elementor-heading-title elementor-size-default\">Hans Kristian Haug<\/h2>\t\t\t\t<\/div>\n\t\t\t\t<\/div>\n\t\t\t\t<div class=\"elementor-element elementor-element-02b225b elementor-widget elementor-widget-heading\" data-id=\"02b225b\" data-element_type=\"widget\" data-widget_type=\"heading.default\">\n\t\t\t\t<div class=\"elementor-widget-container\">\n\t\t\t\t\t<h2 class=\"elementor-heading-title elementor-size-default\">Agente inmobiliario autorizado\nCV3258<\/h2>\t\t\t\t<\/div>\n\t\t\t\t<\/div>\n\t\t\t\t<div class=\"elementor-element elementor-element-6341233 elementor-widget elementor-widget-heading\" data-id=\"6341233\" data-element_type=\"widget\" data-widget_type=\"heading.default\">\n\t\t\t\t<div class=\"elementor-widget-container\">\n\t\t\t\t\t<h2 class=\"elementor-heading-title elementor-size-default\">Departamento de Espa\u00f1a<\/h2>\t\t\t\t<\/div>\n\t\t\t\t<\/div>\n\t\t\t\t<div class=\"elementor-element elementor-element-ac06bb0 elementor-widget__width-auto elementor-widget elementor-widget-text-editor\" data-id=\"ac06bb0\" data-element_type=\"widget\" data-widget_type=\"text-editor.default\">\n\t\t\t\t<div class=\"elementor-widget-container\">\n\t\t\t\t\t\t\t\t\t<p>M\u00f3vil:<br>+ <a href=\"tel:0034637472406\">34 637 47 24 06<\/a> Correo electr\u00f3nico:<a href=\"mailto:hans@soleada.no\">hans@soleada.no<\/a><\/p>\t\t\t\t\t\t\t\t<\/div>\n\t\t\t\t<\/div>\n\t\t\t\t\t<\/div>\n\t\t<\/div>\n\t\t\t\t<div class=\"elementor-column elementor-col-33 elementor-top-column elementor-element elementor-element-c21f3a6\" data-id=\"c21f3a6\" data-element_type=\"column\" data-settings=\"{&quot;background_background&quot;:&quot;classic&quot;}\">\n\t\t\t<div class=\"elementor-widget-wrap elementor-element-populated\">\n\t\t\t\t\t\t<div class=\"elementor-element elementor-element-96771d3 elementor-widget-mobile__width-auto elementor-widget elementor-widget-image\" data-id=\"96771d3\" data-element_type=\"widget\" data-widget_type=\"image.default\">\n\t\t\t\t<div class=\"elementor-widget-container\">\n\t\t\t\t\t\t\t\t\t\t\t\t\t\t\t<img decoding=\"async\" width=\"300\" height=\"300\" src=\"https:\/\/www.soleada.no\/wp-content\/uploads\/2021\/02\/Roar-Haug-300x300.jpg\" class=\"attachment-medium size-medium wp-image-86627\" alt=\"Roar Haug\" srcset=\"https:\/\/www.soleada.no\/wp-content\/uploads\/2021\/02\/Roar-Haug-300x300.jpg 300w, https:\/\/www.soleada.no\/wp-content\/uploads\/2021\/02\/Roar-Haug-1024x1024.jpg 1024w, https:\/\/www.soleada.no\/wp-content\/uploads\/2021\/02\/Roar-Haug-150x150.jpg 150w, https:\/\/www.soleada.no\/wp-content\/uploads\/2021\/02\/Roar-Haug-768x768.jpg 768w, https:\/\/www.soleada.no\/wp-content\/uploads\/2021\/02\/Roar-Haug-120x120.jpg 120w, https:\/\/www.soleada.no\/wp-content\/uploads\/2021\/02\/Roar-Haug-45x45.jpg 45w, https:\/\/www.soleada.no\/wp-content\/uploads\/2021\/02\/Roar-Haug-36x36.jpg 36w, https:\/\/www.soleada.no\/wp-content\/uploads\/2021\/02\/Roar-Haug.jpg 1320w\" sizes=\"(max-width: 300px) 100vw, 300px\" \/>\t\t\t\t\t\t\t\t\t\t\t\t\t\t\t<\/div>\n\t\t\t\t<\/div>\n\t\t\t\t<div class=\"elementor-element elementor-element-bc13e5d elementor-widget elementor-widget-heading\" data-id=\"bc13e5d\" data-element_type=\"widget\" data-widget_type=\"heading.default\">\n\t\t\t\t<div class=\"elementor-widget-container\">\n\t\t\t\t\t<h2 class=\"elementor-heading-title elementor-size-default\">Roar Haug<\/h2>\t\t\t\t<\/div>\n\t\t\t\t<\/div>\n\t\t\t\t<div class=\"elementor-element elementor-element-54a82af elementor-widget elementor-widget-heading\" data-id=\"54a82af\" data-element_type=\"widget\" data-widget_type=\"heading.default\">\n\t\t\t\t<div class=\"elementor-widget-container\">\n\t\t\t\t\t<h2 class=\"elementor-heading-title elementor-size-default\">CMO - Asesor inmobiliario<\/h2>\t\t\t\t<\/div>\n\t\t\t\t<\/div>\n\t\t\t\t<div class=\"elementor-element elementor-element-42bec90 elementor-widget elementor-widget-heading\" data-id=\"42bec90\" data-element_type=\"widget\" data-widget_type=\"heading.default\">\n\t\t\t\t<div class=\"elementor-widget-container\">\n\t\t\t\t\t<h2 class=\"elementor-heading-title elementor-size-default\">Departamento Tr\u00f8ndelag<\/h2>\t\t\t\t<\/div>\n\t\t\t\t<\/div>\n\t\t\t\t<div class=\"elementor-element elementor-element-882048c elementor-widget__width-auto elementor-widget elementor-widget-text-editor\" data-id=\"882048c\" data-element_type=\"widget\" data-widget_type=\"text-editor.default\">\n\t\t\t\t<div class=\"elementor-widget-container\">\n\t\t\t\t\t\t\t\t\t<p>M\u00f3vil:<br>+ <a href=\"tel:004791906462\">47 91 90 64 62<\/a> Correo electr\u00f3nico:<a href=\"mailto:roar@soleada.no\">roar@soleada.no<\/a><\/p>\t\t\t\t\t\t\t\t<\/div>\n\t\t\t\t<\/div>\n\t\t\t\t\t<\/div>\n\t\t<\/div>\n\t\t\t\t<div class=\"elementor-column elementor-col-33 elementor-top-column elementor-element elementor-element-20816c7\" data-id=\"20816c7\" data-element_type=\"column\" data-settings=\"{&quot;background_background&quot;:&quot;classic&quot;}\">\n\t\t\t<div class=\"elementor-widget-wrap elementor-element-populated\">\n\t\t\t\t\t\t<div class=\"elementor-element elementor-element-a0f5051 elementor-widget-mobile__width-auto elementor-widget elementor-widget-image\" data-id=\"a0f5051\" data-element_type=\"widget\" data-widget_type=\"image.default\">\n\t\t\t\t<div class=\"elementor-widget-container\">\n\t\t\t\t\t\t\t\t\t\t\t\t\t\t\t<img loading=\"lazy\" decoding=\"async\" width=\"300\" height=\"300\" src=\"https:\/\/www.soleada.no\/wp-content\/uploads\/2025\/06\/Freddy-Soleada-rund-1-300x300.jpg\" class=\"attachment-medium size-medium wp-image-119069\" alt=\"\" srcset=\"https:\/\/www.soleada.no\/wp-content\/uploads\/2025\/06\/Freddy-Soleada-rund-1-300x300.jpg 300w, https:\/\/www.soleada.no\/wp-content\/uploads\/2025\/06\/Freddy-Soleada-rund-1-150x150.jpg 150w, https:\/\/www.soleada.no\/wp-content\/uploads\/2025\/06\/Freddy-Soleada-rund-1-120x120.jpg 120w, https:\/\/www.soleada.no\/wp-content\/uploads\/2025\/06\/Freddy-Soleada-rund-1-45x45.jpg 45w, https:\/\/www.soleada.no\/wp-content\/uploads\/2025\/06\/Freddy-Soleada-rund-1-36x36.jpg 36w, https:\/\/www.soleada.no\/wp-content\/uploads\/2025\/06\/Freddy-Soleada-rund-1.jpg 400w\" sizes=\"(max-width: 300px) 100vw, 300px\" \/>\t\t\t\t\t\t\t\t\t\t\t\t\t\t\t<\/div>\n\t\t\t\t<\/div>\n\t\t\t\t<div class=\"elementor-element elementor-element-ec351cd elementor-widget elementor-widget-heading\" data-id=\"ec351cd\" data-element_type=\"widget\" data-widget_type=\"heading.default\">\n\t\t\t\t<div class=\"elementor-widget-container\">\n\t\t\t\t\t<h2 class=\"elementor-heading-title elementor-size-default\">Freddy Bremseth<\/h2>\t\t\t\t<\/div>\n\t\t\t\t<\/div>\n\t\t\t\t<div class=\"elementor-element elementor-element-c7812d1 elementor-widget elementor-widget-heading\" data-id=\"c7812d1\" data-element_type=\"widget\" data-widget_type=\"heading.default\">\n\t\t\t\t<div class=\"elementor-widget-container\">\n\t\t\t\t\t<h2 class=\"elementor-heading-title elementor-size-default\">Asesor inmobiliario \/ Eventos<\/h2>\t\t\t\t<\/div>\n\t\t\t\t<\/div>\n\t\t\t\t<div class=\"elementor-element elementor-element-c106afd elementor-widget elementor-widget-heading\" data-id=\"c106afd\" data-element_type=\"widget\" data-widget_type=\"heading.default\">\n\t\t\t\t<div class=\"elementor-widget-container\">\n\t\t\t\t\t<h2 class=\"elementor-heading-title elementor-size-default\">Departamento de Oslo<\/h2>\t\t\t\t<\/div>\n\t\t\t\t<\/div>\n\t\t\t\t<div class=\"elementor-element elementor-element-9186612 elementor-widget__width-auto elementor-widget elementor-widget-text-editor\" data-id=\"9186612\" data-element_type=\"widget\" data-widget_type=\"text-editor.default\">\n\t\t\t\t<div class=\"elementor-widget-container\">\n\t\t\t\t\t\t\t\t\t<p>M\u00f3vil: <a href=\"tel:004796009965\">+47 96 00 99 65<\/a><br>Correo electr\u00f3nico: <a href=\"mailto:freddy@soleada.no\">freddy@soleada.no<\/a><\/p>\t\t\t\t\t\t\t\t<\/div>\n\t\t\t\t<\/div>\n\t\t\t\t\t<\/div>\n\t\t<\/div>\n\t\t\t\t\t<\/div>\n\t\t<\/section>\n\t\t\t\t<\/div>\n\t\t","protected":false},"excerpt":{"rendered":"<p>Sobre Soleada Soleada fue fundada en 2021 por Hans Kristian Haug y Roar Haug. Ambos con muchos a\u00f1os de experiencia con propiedades a lo largo de la costa de la Costa Blanca y Costa C\u00e1lida en Espa\u00f1a. Conocemos bien el mercado de la vivienda y sabemos qu\u00e9 viviendas y proyectos pueden recomendarse y cu\u00e1les deben evitarse. Utilizamos un abogado certificado que se especializa en &#8230;<\/p>\n","protected":false},"author":1,"featured_media":0,"parent":0,"menu_order":0,"comment_status":"open","ping_status":"open","template":"elementor_header_footer","meta":{"content-type":"","footnotes":""},"class_list":["post-44610","page","type-page","status-publish","hentry"],"_links":{"self":[{"href":"https:\/\/www.soleada.no\/es\/wp-json\/wp\/v2\/pages\/44610","targetHints":{"allow":["GET"]}}],"collection":[{"href":"https:\/\/www.soleada.no\/es\/wp-json\/wp\/v2\/pages"}],"about":[{"href":"https:\/\/www.soleada.no\/es\/wp-json\/wp\/v2\/types\/page"}],"author":[{"embeddable":true,"href":"https:\/\/www.soleada.no\/es\/wp-json\/wp\/v2\/users\/1"}],"replies":[{"embeddable":true,"href":"https:\/\/www.soleada.no\/es\/wp-json\/wp\/v2\/comments?post=44610"}],"version-history":[{"count":5,"href":"https:\/\/www.soleada.no\/es\/wp-json\/wp\/v2\/pages\/44610\/revisions"}],"predecessor-version":[{"id":119082,"href":"https:\/\/www.soleada.no\/es\/wp-json\/wp\/v2\/pages\/44610\/revisions\/119082"}],"wp:attachment":[{"href":"https:\/\/www.soleada.no\/es\/wp-json\/wp\/v2\/media?parent=44610"}],"curies":[{"name":"wp","href":"https:\/\/api.w.org\/{rel}","templated":true}]}}