{"id":44997,"date":"2021-08-11T12:02:59","date_gmt":"2021-08-11T11:02:59","guid":{"rendered":"https:\/\/www.soleada.no\/iniciar-sesion\/"},"modified":"2025-02-14T10:12:16","modified_gmt":"2025-02-14T09:12:16","slug":"iniciar-sesion","status":"publish","type":"page","link":"https:\/\/www.soleada.no\/es\/iniciar-sesion\/","title":{"rendered":"Iniciar sesi\u00f3n"},"content":{"rendered":"\t\t<div data-elementor-type=\"wp-page\" data-elementor-id=\"44997\" class=\"elementor elementor-44997 elementor-21821\" data-elementor-post-type=\"page\">\n\t\t\t\t\t\t<section class=\"elementor-section elementor-top-section elementor-element elementor-element-92a4b0e elementor-section-stretched elementor-section-boxed elementor-section-height-default elementor-section-height-default\" data-id=\"92a4b0e\" data-element_type=\"section\" data-settings=\"{&quot;stretch_section&quot;:&quot;section-stretched&quot;}\">\n\t\t\t\t\t\t<div class=\"elementor-container elementor-column-gap-default\">\n\t\t\t\t\t<div class=\"elementor-column elementor-col-50 elementor-top-column elementor-element elementor-element-593fec0\" data-id=\"593fec0\" data-element_type=\"column\" data-settings=\"{&quot;background_background&quot;:&quot;classic&quot;}\">\n\t\t\t<div class=\"elementor-widget-wrap elementor-element-populated\">\n\t\t\t\t\t\t<div class=\"elementor-element elementor-element-5689769 elementor-widget elementor-widget-heading\" data-id=\"5689769\" data-element_type=\"widget\" data-widget_type=\"heading.default\">\n\t\t\t\t<div class=\"elementor-widget-container\">\n\t\t\t\t\t<h2 class=\"elementor-heading-title elementor-size-default\">crear usuario<\/h2>\t\t\t\t<\/div>\n\t\t\t\t<\/div>\n\t\t\t\t<div class=\"elementor-element elementor-element-63abf14 elementor-widget elementor-widget-text-editor\" data-id=\"63abf14\" data-element_type=\"widget\" data-widget_type=\"text-editor.default\">\n\t\t\t\t<div class=\"elementor-widget-container\">\n\t\t\t\t\t\t\t\t\t<p>\u00a1Hacemos que sea f\u00e1cil mantenerse al d\u00eda con el mercado de la vivienda! Reciba correos electr\u00f3nicos con casas que coincidan con su b\u00fasqueda y guarde sus favoritos<\/p>\n\t\t\t\t\t\t\t\t<\/div>\n\t\t\t\t<\/div>\n\t\t\t\t<div class=\"elementor-element elementor-element-836a8af elementor-widget elementor-widget-WpResidence_Register\" data-id=\"836a8af\" data-element_type=\"widget\" data-widget_type=\"WpResidence_Register.default\">\n\t\t\t\t<div class=\"elementor-widget-container\">\n\t\t\t\t\t\n          <div class=\"login_form shortcode-login\">\n               <div class=\"loginalert\" id=\"register_message_area\" ><\/div>\n\n                <div class=\"loginrow\">\n                    <input type=\"text\" name=\"user_login_register\" id=\"user_login_register\" class=\"form-control\"  placeholder=\"Nombre de usuario\" size=\"20\" \/>\n                <\/div>\n                <div class=\"loginrow\">\n                    <input type=\"email\" name=\"user_email_register\" id=\"user_email_register\" class=\"form-control\" placeholder=\"Email\" size=\"20\" \/>\n                <\/div>\n                    <div class=\"loginrow password_holder\">\n                        <input type=\"password\" name=\"user_password\" id=\"user_password\" class=\"form-control\" placeholder=\"Contrase\u00f1a\"\/>\n                        <i class=\" far fa-eye-slash show_hide_password\"><\/i>\n                    <\/div>\n                    <div class=\"loginrow password_holder\">\n                        <input type=\"password\" name=\"user_password_retype\" id=\"user_password_retype\" class=\"form-control\" placeholder=\"Vuelva a escribir la contrase\u00f1a\"  \/>\n                        <i class=\" far fa-eye-slash show_hide_password\"><\/i>\n                    <\/div>\n                    \n                <input type=\"checkbox\" name=\"terms\" id=\"user_terms_register_sh\">\n                <label id=\"user_terms_register_sh_label\" for=\"user_terms_register_sh\">Estoy de acuerdo con <a href=\"https:\/\/www.soleada.no\/es\/declaracion-de-privacidad\/\" target=\"_blank\" id=\"user_terms_register_topbar_link\">t\u00e9rminos y condiciones<\/a> <\/label>\n                <input type=\"hidden\" id=\"security-register\" name=\"security-register\" value=\"0f4e4e49ab-1776318855\">\n\n                <p class=\"submit\">\n                    <button id=\"wp-submit-register\"  class=\"wpresidence_button\">Registrarse<\/button>\n                <\/p>\n\n        <\/div>\n\n    \t\t\t\t<\/div>\n\t\t\t\t<\/div>\n\t\t\t\t\t<\/div>\n\t\t<\/div>\n\t\t\t\t<div class=\"elementor-column elementor-col-50 elementor-top-column elementor-element elementor-element-024b31d\" data-id=\"024b31d\" data-element_type=\"column\">\n\t\t\t<div class=\"elementor-widget-wrap elementor-element-populated\">\n\t\t\t\t\t\t<div class=\"elementor-element elementor-element-74057b8 elementor-widget elementor-widget-heading\" data-id=\"74057b8\" data-element_type=\"widget\" data-widget_type=\"heading.default\">\n\t\t\t\t<div class=\"elementor-widget-container\">\n\t\t\t\t\t<h2 class=\"elementor-heading-title elementor-size-default\">Iniciar sesi\u00f3n<\/h2>\t\t\t\t<\/div>\n\t\t\t\t<\/div>\n\t\t\t\t<div class=\"elementor-element elementor-element-edba71b elementor-widget elementor-widget-text-editor\" data-id=\"edba71b\" data-element_type=\"widget\" data-widget_type=\"text-editor.default\">\n\t\t\t\t<div class=\"elementor-widget-container\">\n\t\t\t\t\t\t\t\t\t<p>\u00bfYa lo est\u00e1s usando?<\/p>\n\t\t\t\t\t\t\t\t<\/div>\n\t\t\t\t<\/div>\n\t\t\t\t<div class=\"elementor-element elementor-element-8e5c287 elementor-widget elementor-widget-WpResidence_Login\" data-id=\"8e5c287\" data-element_type=\"widget\" data-widget_type=\"WpResidence_Login.default\">\n\t\t\t\t<div class=\"elementor-widget-container\">\n\t\t\t\t\t<div class=\"login_form shortcode-login\" id=\"login-div\">\n         <div class=\"loginalert\" id=\"login_message_area\" ><\/div>\n\n                <div class=\"loginrow\">\n                    <input type=\"text\" class=\"form-control\" name=\"log\" id=\"login_user\"  placeholder=\"Nombre de usuario\" size=\"20\" \/>\n                <\/div>\n                <div class=\"loginrow password_holder\">\n                    <input type=\"password\" class=\"form-control\" name=\"pwd\" id=\"login_pwd\"  placeholder=\"Contrase\u00f1a\" size=\"20\" \/>\n                    <i class=\" far fa-eye-slash show_hide_password\"><\/i>\n                     \n                <\/div>\n                <input type=\"hidden\" name=\"loginpop\" id=\"loginpop\" value=\"0\">\n\n                <input type=\"hidden\" id=\"security-login\" name=\"security-login\" value=\"bd41ef6df0-1776318855\">\n\n\n                <button id=\"wp-login-but\" class=\"wpresidence_button\">Iniciar sesi\u00f3n<\/button>\n                <div class=\"login-links shortlog\"><a href=\"#\" id=\"forgot_pass\">\u00bfSe te olvid\u00f3 tu contrase\u00f1a?<\/a>\n                <\/div>\n         <\/div>\n         <div class=\"login_form  shortcode-login\" id=\"forgot-pass-div-sh\">\n            <div class=\"loginalert\" id=\"forgot_pass_area\"><\/div>\n            <div class=\"loginrow\">\n                    <input type=\"text\" class=\"form-control\" name=\"forgot_email\" id=\"forgot_email\" placeholder=\"Ingrese su email\" size=\"20\" \/>\n            <\/div>\n            <input type=\"hidden\" id=\"security-forgot\" name=\"security-forgot\" value=\"a9db1b7139\" \/><input type=\"hidden\" name=\"_wp_http_referer\" value=\"\/es\/wp-json\/wp\/v2\/pages\/44997\" \/>\n            <input type=\"hidden\" id=\"postid\" value=\"44997\">\n            <button class=\"wpresidence_button\" id=\"wp-forgot-but\" name=\"forgot\" >Restablecer contrase\u00f1a<\/button>\n            <div class=\"login-links shortlog\">\n            <a href=\"#\" id=\"return_login\">Volver al inicio de sesi\u00f3n<\/a>\n            <\/div>\n         <\/div>\n\n            \t\t\t\t<\/div>\n\t\t\t\t<\/div>\n\t\t\t\t\t<\/div>\n\t\t<\/div>\n\t\t\t\t\t<\/div>\n\t\t<\/section>\n\t\t\t\t<\/div>\n\t\t","protected":false},"excerpt":{"rendered":"<p>crear usuario \u00a1Hacemos que sea f\u00e1cil mantenerse al d\u00eda con el mercado de la vivienda! Reciba correos electr\u00f3nicos con casas que coincidan con su b\u00fasqueda y guarde sus favoritos I agree with terms &amp; conditions Register Iniciar sesi\u00f3n \u00bfYa lo est\u00e1s usando? Login Glemt passord? Reset Password Return to Login<\/p>\n","protected":false},"author":1,"featured_media":0,"parent":0,"menu_order":0,"comment_status":"closed","ping_status":"closed","template":"elementor_header_footer","meta":{"content-type":"","footnotes":""},"class_list":["post-44997","page","type-page","status-publish","hentry"],"_links":{"self":[{"href":"https:\/\/www.soleada.no\/es\/wp-json\/wp\/v2\/pages\/44997","targetHints":{"allow":["GET"]}}],"collection":[{"href":"https:\/\/www.soleada.no\/es\/wp-json\/wp\/v2\/pages"}],"about":[{"href":"https:\/\/www.soleada.no\/es\/wp-json\/wp\/v2\/types\/page"}],"author":[{"embeddable":true,"href":"https:\/\/www.soleada.no\/es\/wp-json\/wp\/v2\/users\/1"}],"replies":[{"embeddable":true,"href":"https:\/\/www.soleada.no\/es\/wp-json\/wp\/v2\/comments?post=44997"}],"version-history":[{"count":2,"href":"https:\/\/www.soleada.no\/es\/wp-json\/wp\/v2\/pages\/44997\/revisions"}],"predecessor-version":[{"id":111291,"href":"https:\/\/www.soleada.no\/es\/wp-json\/wp\/v2\/pages\/44997\/revisions\/111291"}],"wp:attachment":[{"href":"https:\/\/www.soleada.no\/es\/wp-json\/wp\/v2\/media?parent=44997"}],"curies":[{"name":"wp","href":"https:\/\/api.w.org\/{rel}","templated":true}]}}