{"id":45130,"date":"2014-05-24T13:54:01","date_gmt":"2014-05-24T12:54:01","guid":{"rendered":"https:\/\/www.soleada.no\/declaracion-de-privacidad\/"},"modified":"2022-01-24T12:30:40","modified_gmt":"2022-01-24T11:30:40","slug":"declaracion-de-privacidad","status":"publish","type":"page","link":"https:\/\/www.soleada.no\/es\/declaracion-de-privacidad\/","title":{"rendered":"Declaracion de privacidad"},"content":{"rendered":"\n<h1 class=\"wp-block-heading\">Declaraci\u00f3n de privacidad de Soleada Eiendom<\/h1>\n\n<div style=\"height:31px\" aria-hidden=\"true\" class=\"wp-block-spacer\"><\/div>\n<div id=\"avsnitt-1\">\n<h2>\u00a1La privacidad es importante para nosotros!<\/h2>\n<p><strong>Con nosotros, puede estar seguro de que su informaci\u00f3n no se utilizar\u00e1 indebidamente ni se transmitir\u00e1 a otras empresas. <\/strong><\/p>\n<p>Solo almacenamos la informaci\u00f3n necesaria para brindarle la mejor experiencia posible de nuestras p\u00e1ginas. Solo los nombres y los correos electr\u00f3nicos se almacenan en nuestros usuarios. Los n\u00fameros de tel\u00e9fono solo se almacenan si el cliente lo ingresa en su perfil. Si tiene un usuario con nosotros, puede eliminarlo de su perfil en cualquier momento. Entonces toda la informaci\u00f3n sobre usted ser\u00e1 eliminada de nuestro sistema.<\/p>\n<p>Adem\u00e1s, los patrones de movimiento se almacenan en todos nuestros visitantes que aceptan cookies (elemento 11). Esta informaci\u00f3n solo se utiliza para optimizar nuestros sitios web al permitirnos ver qu\u00e9 p\u00e1ginas y funciones se utilizan y no.<\/p>\n<p>Si crea un usuario con nosotros a trav\u00e9s de Facebook o Google, <strong>solo se recuperar\u00e1n los nombres y correos electr\u00f3nicos de su cuenta.<\/strong><\/p>\n<\/div>\n<div id=\"avsnitt-1\">\n<h2>1. Responsable del tratamiento<\/h2>\n<p>Roar Haug es, en nombre de Soleada Eiendom, responsable del procesamiento de los datos personales de la empresa.<\/p>\n<\/div>\n<div>Soleada Eiendom es una marca de la empresa Haug Marketing &amp; Consulting<\/div>\n<div id=\"avsnitt-2\">\n<h2>2. Informaci\u00f3n personal almacenada<\/h2>\n<p>Almacenamos la siguiente informaci\u00f3n personal sobre nuestros clientes: contrase\u00f1a de mi sitio (encriptada), nombre, direcci\u00f3n de correo electr\u00f3nico y n\u00famero de tel\u00e9fono (opcional) de nuestros usuarios registrados. Tambi\u00e9n almacenamos patrones de comportamiento en nuestro sitio web, es decir. informaci\u00f3n sobre c\u00f3mo el cliente individual navega por el sitio.<\/p>\n<\/div>\n<div id=\"avsnitt-3\">\n<h2>3. Finalidad del tratamiento<\/h2>\n<p>Soleada.no utiliza la informaci\u00f3n para enviar correos electr\u00f3nicos autom\u00e1ticos con nuevas propiedades si el usuario ha creado esta funcionalidad. La direcci\u00f3n de correo electr\u00f3nico tambi\u00e9n se utiliza para enviar actualizaciones u ofertas al usuario. Soleada.no tambi\u00e9n analiza el patr\u00f3n de comportamiento del usuario en el sitio web. Esta informaci\u00f3n solo se utiliza internamente para optimizar el sitio web para nuestros usuarios. Soleada.no no proporciona informaci\u00f3n sobre nuestros usuarios a otras empresas.<\/p>\n<\/div>\n<div id=\"avsnitt-4\">\n<h2>4. La base del tratamiento<\/h2>\n<p>La informaci\u00f3n sobre el nombre y la direcci\u00f3n de correo electr\u00f3nico se utiliza para brindar al usuario la mejor experiencia posible en nuestras p\u00e1ginas. La base de este tratamiento es el art\u00edculo 6 de la Ordenanza de privacidad. (B). Cuando lo haya dado su consentimiento, los patrones de comportamiento y la informaci\u00f3n almacenada se utilizan para proporcionar recomendaciones y ofertas dise\u00f1adas espec\u00edficamente para usted como usuario. La base de este tratamiento es la Ordenanza de Privacidad Art 6 (a). Puede retirar su consentimiento para dicho uso en cualquier momento.<\/p>\n<\/div>\n<div id=\"avsnitt-5\">\n<h2>5. Recopilaci\u00f3n de informaci\u00f3n personal<\/h2>\n<p>Almacenamos la informaci\u00f3n personal que ha proporcionado en nuestro sitio web. Usamos cookies en nuestros sitios web para brindarle a quienes visitan el sitio la mejor experiencia y servicio para el cliente. La Ley de Comunicaciones Electr\u00f3nicas requiere que informemos a nuestros visitantes sobre el uso de cookies (cookies, secci\u00f3n 11). <\/p>\n<\/div>\n<div id=\"avsnitt-6\">\n<h2>Divulgaci\u00f3n de informaci\u00f3n a terceros<\/h2>\n<p>No compartiremos, venderemos, transferiremos ni revelaremos informaci\u00f3n personal a otros, a menos que estemos legalmente obligados a hacerlo.<\/p>\n<\/div>\n<div id=\"avsnitt-7\">\n<h2>7. Eliminaci\u00f3n de datos personales<\/h2>\n<p>La informaci\u00f3n que hemos recibido en relaci\u00f3n con su compra se almacena en nuestro registro activo de clientes durante 3,5 a\u00f1os. Puede eliminar su informaci\u00f3n personal en cualquier momento eliminando su usuario en &#8216;mi perfil&#8217;: <a href=\"_wp_link_placeholder\" data-wplink-edit=\"true\">https:\/\/www.soleada.no\/minside-profil\/<\/a><br \/>Tambi\u00e9n puede contactarnos en roar@soleada.no para pedirnos que eliminemos su usuario por usted.<\/p>\n<\/div>\n<div id=\"avsnitt-8\">\n<h2>8. Derechos del interesado<\/h2>\n<p>Procesamos sus datos personales de acuerdo con la Ley de Datos Personales y la normativa vigente. Tenga en cuenta que puede exigir el acceso y la transferencia de su propia informaci\u00f3n personal, as\u00ed como exigir la correcci\u00f3n o eliminaci\u00f3n de la informaci\u00f3n. Se puede presentar una queja ante la Inspecci\u00f3n de Datos sobre el procesamiento en violaci\u00f3n de las reglas.<\/p>\n<\/div>\n<div id=\"avsnitt-9\">\n<h2>9. Oficial de privacidad<\/h2>\n<p>Tenemos un representante de privacidad, Roar Haug, que garantiza que se sigan las reglas de la Ley de datos personales sobre el procesamiento de datos personales.<\/p>\n<\/div>\n<div id=\"avsnitt-10\">\n<h2>10. Seguridad de la informaci\u00f3n<\/h2>\n<p>Aseguramos su informaci\u00f3n personal mediante el acceso f\u00edsico y virtual y el control de acceso, as\u00ed como tambi\u00e9n mediante el cifrado de partes sensibles de la informaci\u00f3n enviada.<\/p>\n<\/div>\n<h2 class=\"ffe-h3\">11- \u00bfC\u00f3mo utilizamos las cookies en nuestro sitio web?<\/h2>\n<p>Soleada utiliza cookies para analizar el patr\u00f3n general de usuarios en nuestros sitios web, por ejemplo, para compilar estad\u00edsticas sobre:<\/p>\n<ul>\n<li>Cu\u00e1ntas personas visitan diferentes sitios<\/li>\n<li>Cuanto dura la visita<\/li>\n<li>De qu\u00e9 sitios provienen los usuarios<\/li>\n<li>Que navegadores se utilizan<\/li>\n<\/ul>\n<p>Hacemos esto con el fin de desarrollar constantemente nuestras p\u00e1ginas para que en todo momento brinden a los usuarios la mejor experiencia de usuario posible. Mediante cookies emitidas por terceros (cookies de terceros), cf. A continuaci\u00f3n, puede experimentar la recepci\u00f3n de nuestros mensajes de marketing digital, basados en el contenido y las p\u00e1ginas que ha visitado en nuestros sitios web, el llamado retargeting. Estas cookies contienen solo informaci\u00f3n agregada y ninguna informaci\u00f3n que pueda identificarlo como usuario.<\/p>\n<p>Las cookies son peque\u00f1os archivos de texto que nuestras p\u00e1ginas web almacenan en su computadora. Los archivos solo pueden ser le\u00eddos por Soleada y el propio usuario, y se utilizan, por ejemplo, para ver si el usuario ha visitado el sitio web anteriormente, la hora de la visita y de qu\u00e9 sitio web proviene.<\/p>\n<h3 class=\"ffe-h3\">Uso de an\u00e1lisis de Google<\/h3>\n<p>Soleada utiliza la herramienta de an\u00e1lisis de Google Analytics para recopilar y evaluar informaci\u00f3n sobre c\u00f3mo los visitantes usan el sitio. Google Analytics es un servicio de an\u00e1lisis web proporcionado por Google, Inc. (\u00abGoogle\u00bb). Google Analytics utiliza cookies para analizar c\u00f3mo los usuarios utilizan el sitio web. En los casos en los que utilizamos Google Analytics, la informaci\u00f3n sobre su uso se almacena en los servidores de Google en EE. UU. La cookie recopila, entre otras cosas, su direcci\u00f3n IP.<\/p>\n<p><a href=\"https:\/\/policies.google.com\/technologies\/types?hl=no\">Aqu\u00ed puede ver qu\u00e9 cookies utiliza Google Analytics.<\/a><\/p>\n<h3 class=\"ffe-h3\">Uso de consultas de terceros<\/h3>\n<p>Estas son consultas creadas por un usuario de un proveedor de servicios externo. A pesar de que estas consultas no establecen cookies, a\u00fan pueden transferir informaci\u00f3n a terceros. Google Analytics funciona a trav\u00e9s de consultas de terceros.<\/p>\n<p>Puede evitar que las cookies se almacenen en su computadora cambiando la configuraci\u00f3n en su navegador. Sin embargo, tenga en cuenta que si hace esto, es posible que no pueda utilizar todas las funciones del sitio web.<\/p>\n<div id=\"avsnitt-11\">\n<h2>Informaci\u00f3n del contacto<\/h2>\n<p>Las consultas sobre qu\u00e9 informaci\u00f3n se ha registrado, correcci\u00f3n y eliminaci\u00f3n se pueden enviar por escrito a las siguientes direcciones:<\/p>\n<\/div>\n<div>roar@soleada.no<\/div>\n<div> <\/div>\n<div>Roar Haug<br \/>Haug Marketing y consultor\u00eda<br \/>Bergevegen 96 4160 FINN\u00d8Y<\/div>\n","protected":false},"excerpt":{"rendered":"<p>Declaraci\u00f3n de privacidad de Soleada Eiendom \u00a1La privacidad es importante para nosotros! Con nosotros, puede estar seguro de que su informaci\u00f3n no se utilizar\u00e1 indebidamente ni se transmitir\u00e1 a otras empresas. Solo almacenamos la informaci\u00f3n necesaria para brindarle la mejor experiencia posible de nuestras p\u00e1ginas. Solo los nombres y los correos electr\u00f3nicos se almacenan en nuestros usuarios. Los n\u00fameros de tel\u00e9fono solo se almacenan &#8230;<\/p>\n","protected":false},"author":1,"featured_media":0,"parent":0,"menu_order":0,"comment_status":"closed","ping_status":"closed","template":"terms_conditions.php","meta":{"content-type":"","footnotes":""},"class_list":["post-45130","page","type-page","status-publish","hentry"],"_links":{"self":[{"href":"https:\/\/www.soleada.no\/es\/wp-json\/wp\/v2\/pages\/45130","targetHints":{"allow":["GET"]}}],"collection":[{"href":"https:\/\/www.soleada.no\/es\/wp-json\/wp\/v2\/pages"}],"about":[{"href":"https:\/\/www.soleada.no\/es\/wp-json\/wp\/v2\/types\/page"}],"author":[{"embeddable":true,"href":"https:\/\/www.soleada.no\/es\/wp-json\/wp\/v2\/users\/1"}],"replies":[{"embeddable":true,"href":"https:\/\/www.soleada.no\/es\/wp-json\/wp\/v2\/comments?post=45130"}],"version-history":[{"count":0,"href":"https:\/\/www.soleada.no\/es\/wp-json\/wp\/v2\/pages\/45130\/revisions"}],"wp:attachment":[{"href":"https:\/\/www.soleada.no\/es\/wp-json\/wp\/v2\/media?parent=45130"}],"curies":[{"name":"wp","href":"https:\/\/api.w.org\/{rel}","templated":true}]}}